{"id":2396,"date":"2019-01-07T16:07:33","date_gmt":"2019-01-07T16:07:33","guid":{"rendered":"https:\/\/www.monbana.com\/professionnels\/foodservice\/traiteur\/"},"modified":"2019-06-20T12:41:09","modified_gmt":"2019-06-20T12:41:09","slug":"cateres-reception-organisers","status":"publish","type":"page","link":"https:\/\/www.monbana.com\/en\/professionnals\/foodservice\/cateres-reception-organisers\/","title":{"rendered":"Caterers and reception organisers"},"content":{"rendered":"<p>[vc_row][vc_column][vc_custom_heading text=&#8221;LES TENDANCES |DU MARCH\u00c9&#8221; css=&#8221;.vc_custom_1546876752109{border-left-width: 4px !important;padding-left: 10px !important;border-left-color: #eb1c74 !important;border-left-style: solid !important;}&#8221;][vc_column_text]<\/p>\n<ol>\n<li>Une activit\u00e9 en forte croissance\n<ul>\n<li>5800 entreprises \/ 1.7 milliards de chiffres d&#8217;affaires<br \/>\n(source Insee, AEA Service)<\/li>\n<li>Un taux de croissance de +4 \u00e0 +5% par an<br \/>\n(Source N\u00e9orestauration Mai\/Juin 2012)<\/li>\n<\/ul>\n<\/li>\n<li>Les plateaux repas : un march\u00e9 \u00e0 fort potentiel estim\u00e9 \u00e0 100 millions de plateaux repas\/an : Coeur du march\u00e9 des plateaux repas situ\u00e9 entre 20 et 25\u20ac<\/li>\n<li>Pour les r\u00e9ceptions, \u00e9v\u00e9nements et s\u00e9minaires, les traiteurs sont \u00e0 la recherche :\n<ul>\n<li>De produits service, faciles \u00e0 remettre en oeuvre<\/li>\n<li>De produits personnalisables \u00e0 leur image ou \u00e0 celle de leurs clients<\/li>\n<\/ul>\n<\/li>\n<\/ol>\n<p>[\/vc_column_text][\/vc_column][\/vc_row][vc_row][vc_column][vc_custom_heading text=&#8221;NOS CONSEILS&#8221; css=&#8221;.vc_custom_1546876867030{border-left-width: 4px !important;padding-left: 10px !important;border-left-color: #eb1c74 !important;border-left-style: solid !important;}&#8221;][vc_row_inner][vc_column_inner width=&#8221;1\/3&#8243;][vc_hoverbox image=&#8221;1463&#8243; primary_title=&#8221;Pour \u00eatre identifi\u00e9 en un clin d&#8217;oeil&#8221; primary_title_font_container=&#8221;color:%23ffffff&#8221; hover_title=&#8221;Pour \u00eatre identifi\u00e9 en un clin d&#8217;oeil&#8221; use_custom_fonts_primary_title=&#8221;true&#8221;]<\/p>\n<div>\n<p>Proposez des produits d&#8217;accompagnement du caf\u00e9 personnalis\u00e9s.<\/p>\n<\/div>\n<p>[\/vc_hoverbox][\/vc_column_inner][vc_column_inner width=&#8221;1\/3&#8243;][vc_hoverbox image=&#8221;1693&#8243; primary_title=&#8221;Pensez au &#8220;cadeau invit\u00e9&#8220; personnalis\u00e9&#8221; primary_title_font_container=&#8221;color:%23ffffff&#8221; hover_title=&#8221;Pensez au &#8220;cadeau invit\u00e9&#8220; personnalis\u00e9&#8221; use_custom_fonts_primary_title=&#8221;true&#8221;]<\/p>\n<div>\n<p>\u00e0 d\u00e9poser sur les buffets.<\/p>\n<\/div>\n<p>[\/vc_hoverbox][\/vc_column_inner][vc_column_inner width=&#8221;1\/3&#8243;][vc_hoverbox image=&#8221;516&#8243; primary_title=&#8221;Accompagnez vos prestations&#8221; primary_title_font_container=&#8221;color:%23ffffff&#8221; hover_title=&#8221;Accompagnez vos prestations&#8221; use_custom_fonts_primary_title=&#8221;true&#8221;]<\/p>\n<div>\n<p>de petits d\u00e9jeuners ou pauses gourmandes avec des boissons chocolat\u00e9es de qualit\u00e9.<\/p>\n<\/div>\n<p>[\/vc_hoverbox][\/vc_column_inner][\/vc_row_inner][\/vc_column][\/vc_row][vc_row][vc_column][vc_custom_heading text=&#8221;L&#8217;OFFRE ID\u00c9ALE |MONBANA&#8221; css=&#8221;.vc_custom_1546877080080{border-left-width: 4px !important;padding-left: 10px !important;border-left-color: #eb1c74 !important;border-left-style: solid !important;}&#8221;][vc_row_inner][vc_column_inner width=&#8221;1\/3&#8243;][vc_btn title=&#8221;Les boissons&#8221; size=&#8221;lg&#8221; align=&#8221;center&#8221; button_block=&#8221;true&#8221; link=&#8221;url:http%3A%2F%2Fwww.monbana.com%2Fprofessionnels%2Ffoodservice%2Fles-boissons-gourmandes%2F|&#8221;][\/vc_column_inner][vc_column_inner width=&#8221;1\/3&#8243;][vc_btn title=&#8221;L&#8217;offre personnalis\u00e9e&#8221; size=&#8221;lg&#8221; align=&#8221;center&#8221; button_block=&#8221;true&#8221; link=&#8221;url:http%3A%2F%2Fwww.monbana.com%2Fprofessionnels%2Fmarques-de-distributeurs%2Fla-personnalisation%2F|&#8221;][\/vc_column_inner][vc_column_inner width=&#8221;1\/3&#8243;][vc_btn title=&#8221;Les chocolats fins&#8221; size=&#8221;lg&#8221; align=&#8221;center&#8221; button_block=&#8221;true&#8221; link=&#8221;url:http%3A%2F%2Fwww.monbana.com%2Fprofessionnels%2Ffoodservice%2Fproduit-de-bienvenue-et-cadeaux%2F|&#8221;][\/vc_column_inner][\/vc_row_inner][\/vc_column][\/vc_row]<\/p>\n","protected":false},"excerpt":{"rendered":"<p>[vc_row][vc_column][vc_custom_heading text=&#8221;LES TENDANCES |DU MARCH\u00c9&#8221; css=&#8221;.vc_custom_1546876752109{border-left-width: 4px !important;padding-left: 10px !important;border-left-color: #eb1c74 !important;border-left-style: solid !important;}&#8221;][vc_column_text] Une activit\u00e9 en forte croissance 5800 entreprises \/ 1.7 milliards de chiffres d&#8217;affaires (source Insee, AEA Service) Un taux de croissance de +4 \u00e0 +5% par an (Source N\u00e9orestauration Mai\/Juin 2012) Les plateaux repas : un march\u00e9 \u00e0 fort potentiel estim\u00e9&hellip;  <a href=\"https:\/\/www.monbana.com\/en\/professionnals\/foodservice\/cateres-reception-organisers\/\">[&hellip; ]<\/a><\/p>\n","protected":false},"author":9,"featured_media":0,"parent":2383,"menu_order":10,"comment_status":"closed","ping_status":"closed","template":"","meta":{"footnotes":""},"_links":{"self":[{"href":"https:\/\/www.monbana.com\/en\/wp-json\/wp\/v2\/pages\/2396\/"}],"collection":[{"href":"https:\/\/www.monbana.com\/en\/wp-json\/wp\/v2\/pages\/"}],"about":[{"href":"https:\/\/www.monbana.com\/en\/wp-json\/wp\/v2\/types\/page\/"}],"author":[{"embeddable":true,"href":"https:\/\/www.monbana.com\/en\/wp-json\/wp\/v2\/users\/9\/"}],"replies":[{"embeddable":true,"href":"https:\/\/www.monbana.com\/en\/wp-json\/wp\/v2\/comments\/?post=2396"}],"version-history":[{"count":10,"href":"https:\/\/www.monbana.com\/en\/wp-json\/wp\/v2\/pages\/2396\/revisions\/"}],"predecessor-version":[{"id":4311,"href":"https:\/\/www.monbana.com\/en\/wp-json\/wp\/v2\/pages\/2396\/revisions\/4311\/"}],"up":[{"embeddable":true,"href":"https:\/\/www.monbana.com\/en\/wp-json\/wp\/v2\/pages\/2383\/"}],"wp:attachment":[{"href":"https:\/\/www.monbana.com\/en\/wp-json\/wp\/v2\/media\/?parent=2396"}],"curies":[{"name":"wp","href":"https:\/\/api.w.org\/{rel}","templated":true}]}}